{"id":355,"date":"2016-03-03T01:38:54","date_gmt":"2016-03-02T18:38:54","guid":{"rendered":"https:\/\/demo.wpthemego.com\/themes\/sw_furnicom\/?page_id=355"},"modified":"2021-12-04T10:35:50","modified_gmt":"2021-12-04T03:35:50","slug":"ve-chung-toi","status":"publish","type":"page","link":"http:\/\/villadeco.com.vn\/en\/ve-chung-toi\/","title":{"rendered":"About us"},"content":{"rendered":"<p>&nbsp;<\/p>\n<p style=\"text-align: left;\">After nearly 15 years of operation, Villa Deco Company has captured a large market share in the supply of curtains for high-end hotels and resorts across the country.<\/p>\n<p style=\"text-align: left;\">With a strategic partner of Space Matrix Architecture Group in Singapore, with a team of experienced experts in the field of interior decoration, Villa Deco Company always ensures the quality and design of products in accordance with the development trend. development of the world. We will send our customers the most effective, comprehensive and international standard products.<\/p>\n<p style=\"text-align: left;\">\n<p>Currently, Villa Deco has been a partner of large hotels such as: Inter Continental Phu Quoc; Novotel Hanoi; Oceanview Danang; The Nam An Resort Danang; Coco Bay Da Nang; Vinpearl Da Nang; Vinpearl Nam Hoi An; Vinpearl Phu Quoc; Vinpearl Nha Trang; The Nam Hai Hoi An Resort; FLC Golf Link Sam Son Thanh Hoa; FLC Quy Nhon Binh Dinh; FLC Ha Long; FLC Quang Binh, Premier Village Phu Quoc Resort; M\u00f6venpick Cam Ranh Resort; Wyndham Soleil Danang; The Sebel Phu Quoc Emerald Bay, Mgallery Sapa Hotel, Novotel Cau Giay, Novotel Thai Ha ... with a value of billions of dong for each project.<\/p>\n<p>Along with the ability to provide a variety of designs and quality products for hotels, resorts, luxury apartments, semi-classic and modern villas. Villa Deco hopes to bring peace, warmth, elegance and luxury to every little corner of your private world.<\/p>\n<p>We wish to be your companion on the way of building and growing stronger. Wishing you success and happiness.<\/p>\n<p>Warmest thanks and regards!<\/p>\n<p>Villa Deco Board of Directors.<a href=\"http:\/\/villadeco.com.vn\/wp-content\/uploads\/2021\/12\/biet-thu-03.jpg\"><img loading=\"lazy\" class=\"aligncenter size-full wp-image-3279\" src=\"http:\/\/villadeco.com.vn\/wp-content\/uploads\/2021\/12\/biet-thu-03.jpg\" alt=\"\" width=\"900\" height=\"600\" srcset=\"http:\/\/villadeco.com.vn\/wp-content\/uploads\/2021\/12\/biet-thu-03.jpg 900w, http:\/\/villadeco.com.vn\/wp-content\/uploads\/2021\/12\/biet-thu-03-510x340.jpg 510w, http:\/\/villadeco.com.vn\/wp-content\/uploads\/2021\/12\/biet-thu-03-300x200.jpg 300w, http:\/\/villadeco.com.vn\/wp-content\/uploads\/2021\/12\/biet-thu-03-768x512.jpg 768w, http:\/\/villadeco.com.vn\/wp-content\/uploads\/2021\/12\/biet-thu-03-370x247.jpg 370w\" sizes=\"(max-width: 900px) 100vw, 900px\" \/><\/a><\/p>\n<p>&nbsp;<\/p>","protected":false},"excerpt":{"rendered":"<p>&nbsp; Sau g\u1ea7n 15 n\u0103m ho\u1ea1t \u0111\u1ed9ng, C\u00f4ng ty Villa Deco \u0111\u00e3 chi\u1ebfm \u0111\u01b0\u1ee3c m\u1ed9t th\u1ecb ph\u1ea7n l\u1edbn trong vi\u1ec7c cung \u1ee9ng m\u00e0nh r\u00e8m d\u00e0nh cho kh\u00e1ch s\u1ea1n, resort cao c\u1ea5p tr\u00ean c\u1ea3 n\u01b0\u1edbc. V\u1edbi \u0111\u1ed1i t\u00e1c chi\u1ebfn l\u01b0\u1ee3c l\u00e0 T\u1eadp \u0111o\u00e0n ki\u1ebfn tr\u00fac Space Matrix t\u1ea1i Singapore, c\u00f3 \u0111\u1ed9i ng\u0169 chuy\u00ean gia d\u00e0y kinh [&#8230;]","protected":false},"author":1,"featured_media":0,"parent":0,"menu_order":0,"comment_status":"closed","ping_status":"closed","template":"","meta":[],"_links":{"self":[{"href":"http:\/\/villadeco.com.vn\/en\/wp-json\/wp\/v2\/pages\/355"}],"collection":[{"href":"http:\/\/villadeco.com.vn\/en\/wp-json\/wp\/v2\/pages"}],"about":[{"href":"http:\/\/villadeco.com.vn\/en\/wp-json\/wp\/v2\/types\/page"}],"author":[{"embeddable":true,"href":"http:\/\/villadeco.com.vn\/en\/wp-json\/wp\/v2\/users\/1"}],"replies":[{"embeddable":true,"href":"http:\/\/villadeco.com.vn\/en\/wp-json\/wp\/v2\/comments?post=355"}],"version-history":[{"count":0,"href":"http:\/\/villadeco.com.vn\/en\/wp-json\/wp\/v2\/pages\/355\/revisions"}],"wp:attachment":[{"href":"http:\/\/villadeco.com.vn\/en\/wp-json\/wp\/v2\/media?parent=355"}],"curies":[{"name":"wp","href":"https:\/\/api.w.org\/{rel}","templated":true}]}}