{"id":1461,"date":"2018-11-20T08:16:00","date_gmt":"2018-11-20T01:16:00","guid":{"rendered":"http:\/\/demo.beeweb.vn\/villa\/?post_type=product&#038;p=1461"},"modified":"2020-01-08T09:42:14","modified_gmt":"2020-01-08T02:42:14","slug":"rem-roman-vd01","status":"publish","type":"product","link":"http:\/\/villadeco.com.vn\/en\/rem-roman-vd01\/","title":{"rendered":"Roman Curtain VD01"},"content":{"rendered":"<p><strong>R\u00e8m Roman_ R\u00e8m x\u1ebfp l\u1edbp<\/strong><br \/>\nL\u00e0 lo\u1ea1i r\u00e8m v\u1ea3i mang phong c\u00e1ch hi\u1ec7n \u0111\u1ea1i.\u00a0R\u00e8m Roman\u00a0ph\u00f9 h\u1ee3p v\u1edbi kh\u00f4ng gian nh\u01b0 ph\u00f2ng kh\u00e1ch, c\u00e1c qu\u00e1n bar, nh\u00e0 h\u00e0ng.\u00a0R\u00e8m Roman\u00a0thi\u1ebft k\u1ebf \u0111\u01a1n gi\u1ea3n, c\u00f3 th\u1ec3 k\u00e9o g\u1ea5p l\u00ean t\u1eebng kh\u00fac (x\u1ebfp l\u1edbp) ho\u1eb7c bu\u00f4ng che k\u00edn c\u0103n ph\u00f2ng c\u1ee7a b\u1ea1n. B\u1ea1n s\u1ebd c\u1ea3m nh\u1eadn \u0111\u01b0\u1ee3c s\u1ef1 g\u1ecdn g\u00e0ng nh\u01b0ng r\u1ea5t thanh l\u1ecbch m\u00e0R\u00e8m Roman\u00a0\u0111em l\u1ea1i cho c\u0103n ph\u00f2ng c\u1ee7a b\u1ea1n.<\/p>\n<ul>\n<li>Nguy\u00ean li\u1ec7u ch\u00ednh: V\u1ea3i b\u1ed1, v\u1ea3i sheer, v\u1ea3i ren v.v.<\/li>\n<li>Linh ki\u1ec7n: Thanh r\u00e8m romance (thanh nh\u00f4m)<\/li>\n<li>T\u00e2m r\u00e8m romance b\u1eb1ng nh\u00f4m ho\u1eb7c s\u1eaft s\u01a1n t\u0129nh \u0111i\u1ec7n (d\u00f9ng \u0111\u1ec3 ng\u0103n t\u1ea7ng m\u00e0n romance)<\/li>\n<\/ul>","protected":false},"excerpt":{"rendered":"<p>L\u00e0 lo\u1ea1i r\u00e8m v\u1ea3i mang phong c\u00e1ch hi\u1ec7n \u0111\u1ea1i. R\u00e8m Roman ph\u00f9 h\u1ee3p v\u1edbi kh\u00f4ng gian nh\u01b0 ph\u00f2ng kh\u00e1ch, c\u00e1c qu\u00e1n bar, nh\u00e0 h\u00e0ng. R\u00e8m Roman thi\u1ebft k\u1ebf \u0111\u01a1n gi\u1ea3n, c\u00f3 th\u1ec3 k\u00e9o g\u1ea5p l\u00ean t\u1eebng kh\u00fac (x\u1ebfp l\u1edbp) ho\u1eb7c bu\u00f4ng che k\u00edn c\u0103n ph\u00f2ng c\u1ee7a b\u1ea1n. B\u1ea1n s\u1ebd c\u1ea3m nh\u1eadn \u0111\u01b0\u1ee3c s\u1ef1 g\u1ecdn g\u00e0ng nh\u01b0ng r\u1ea5t thanh l\u1ecbch m\u00e0R\u00e8m Roman \u0111em l\u1ea1i cho c\u0103n ph\u00f2ng c\u1ee7a b\u1ea1n.<\/p>","protected":false},"featured_media":1453,"template":"","meta":[],"product_cat":[383],"product_tag":[],"_links":{"self":[{"href":"http:\/\/villadeco.com.vn\/en\/wp-json\/wp\/v2\/product\/1461"}],"collection":[{"href":"http:\/\/villadeco.com.vn\/en\/wp-json\/wp\/v2\/product"}],"about":[{"href":"http:\/\/villadeco.com.vn\/en\/wp-json\/wp\/v2\/types\/product"}],"wp:featuredmedia":[{"embeddable":true,"href":"http:\/\/villadeco.com.vn\/en\/wp-json\/wp\/v2\/media\/1453"}],"wp:attachment":[{"href":"http:\/\/villadeco.com.vn\/en\/wp-json\/wp\/v2\/media?parent=1461"}],"wp:term":[{"taxonomy":"product_cat","embeddable":true,"href":"http:\/\/villadeco.com.vn\/en\/wp-json\/wp\/v2\/product_cat?post=1461"},{"taxonomy":"product_tag","embeddable":true,"href":"http:\/\/villadeco.com.vn\/en\/wp-json\/wp\/v2\/product_tag?post=1461"}],"curies":[{"name":"wp","href":"https:\/\/api.w.org\/{rel}","templated":true}]}}