{"id":1479,"date":"2018-11-20T08:57:28","date_gmt":"2018-11-20T01:57:28","guid":{"rendered":"http:\/\/demo.beeweb.vn\/villa\/?post_type=product&#038;p=1479"},"modified":"2020-01-08T09:49:14","modified_gmt":"2020-01-08T02:49:14","slug":"rem-vai-vd04","status":"publish","type":"product","link":"http:\/\/villadeco.com.vn\/en\/rem-vai-vd04\/","title":{"rendered":"Curtain fabric VD04"},"content":{"rendered":"<p>Trang tr\u00ed r\u00e8m c\u1eeda l\u00e0 c\u00f4ng vi\u1ec7c n\u1ed9i th\u1ea5t cu\u1ed1i c\u00f9ng gi\u00fap cho kh\u00f4ng gian c\u1ee7a ng\u00f4i nh\u00e0 th\u1ec3 hi\u1ec7n ho\u00e0n h\u1ea3o h\u01a1n \u00fd \u0111\u1ed3 c\u1ee7a ki\u1ebfn tr\u00fac s\u01b0. H\u01a1n n\u1eefa, n\u00f3 c\u00f2n gi\u00fap cho ng\u01b0\u1eddi s\u1eed d\u1ee5ng t\u1eadn h\u01b0\u1edfng \u0111\u01b0\u1ee3c tr\u1ecdn v\u1eb9n kh\u00f4ng gian n\u1ed9i th\u1ea5t c\u1ea3 v\u1ec1 gi\u00e1 tr\u1ecb v\u1eadt ch\u1ea5t l\u1eabn tinh th\u1ea7n. Tr\u00ean th\u1ecb tr\u01b0\u1eddng hi\u1ec7n nay c\u00f3 r\u1ea5t nhi\u1ec1u ki\u1ec3u d\u00e1ng v\u00e0 ch\u1ea5t li\u1ec7u r\u00e8m cho b\u1ea1n l\u1ef1a ch\u1ecdn, th\u1ebf nh\u01b0ng kh\u00f4ng ph\u1ea3i b\u1ea5t c\u1ee9 lo\u1ea1i r\u00e8m n\u00e0o c\u0169ng ph\u00f9 h\u1ee3p v\u1edbi kh\u00f4ng gian nh\u00e0 b\u1ea1n.<\/p>","protected":false},"excerpt":{"rendered":"<p>Trang tr\u00ed r\u00e8m c\u1eeda l\u00e0 c\u00f4ng vi\u1ec7c n\u1ed9i th\u1ea5t cu\u1ed1i c\u00f9ng gi\u00fap cho kh\u00f4ng gian c\u1ee7a ng\u00f4i nh\u00e0 th\u1ec3 hi\u1ec7n ho\u00e0n h\u1ea3o h\u01a1n \u00fd \u0111\u1ed3 c\u1ee7a ki\u1ebfn tr\u00fac s\u01b0. H\u01a1n n\u1eefa, n\u00f3 c\u00f2n gi\u00fap cho ng\u01b0\u1eddi s\u1eed d\u1ee5ng t\u1eadn h\u01b0\u1edfng \u0111\u01b0\u1ee3c tr\u1ecdn v\u1eb9n kh\u00f4ng gian n\u1ed9i th\u1ea5t c\u1ea3 v\u1ec1 gi\u00e1 tr\u1ecb v\u1eadt ch\u1ea5t l\u1eabn tinh [&#8230;]","protected":false},"featured_media":1743,"template":"","meta":[],"product_cat":[391],"product_tag":[],"_links":{"self":[{"href":"http:\/\/villadeco.com.vn\/en\/wp-json\/wp\/v2\/product\/1479"}],"collection":[{"href":"http:\/\/villadeco.com.vn\/en\/wp-json\/wp\/v2\/product"}],"about":[{"href":"http:\/\/villadeco.com.vn\/en\/wp-json\/wp\/v2\/types\/product"}],"wp:featuredmedia":[{"embeddable":true,"href":"http:\/\/villadeco.com.vn\/en\/wp-json\/wp\/v2\/media\/1743"}],"wp:attachment":[{"href":"http:\/\/villadeco.com.vn\/en\/wp-json\/wp\/v2\/media?parent=1479"}],"wp:term":[{"taxonomy":"product_cat","embeddable":true,"href":"http:\/\/villadeco.com.vn\/en\/wp-json\/wp\/v2\/product_cat?post=1479"},{"taxonomy":"product_tag","embeddable":true,"href":"http:\/\/villadeco.com.vn\/en\/wp-json\/wp\/v2\/product_tag?post=1479"}],"curies":[{"name":"wp","href":"https:\/\/api.w.org\/{rel}","templated":true}]}}