{"id":1484,"date":"2018-11-20T13:36:48","date_gmt":"2018-11-20T06:36:48","guid":{"rendered":"http:\/\/demo.beeweb.vn\/villa\/?post_type=product&#038;p=1484"},"modified":"2020-01-08T09:49:00","modified_gmt":"2020-01-08T02:49:00","slug":"rem-vai-vd01","status":"publish","type":"product","link":"http:\/\/villadeco.com.vn\/en\/rem-vai-vd01\/","title":{"rendered":"Curtain fabric VD01"},"content":{"rendered":"<p>Th\u00f4ng th\u01b0\u1eddng, m\u1ecdi ng\u01b0\u1eddi s\u1eed d\u1ee5ng \u0111\u1ed3ng nh\u1ea5t chung gi\u1eefa r\u00e8m c\u1eeda v\u00e0 m\u00e0n c\u1eeda. Tuy nhi\u00ean, m\u00e0n c\u1eeda th\u00ec c\u00f3 th\u00eam m\u1ed9t l\u1edbp l\u00f3t th\u01b0\u1eddng s\u1eed d\u1ee5ng r\u00e8m Blockout, n\u00f3 c\u00f3 t\u00e1c d\u1ee5ng ng\u0103n ch\u1eb7n c\u00e1c tia UV l\u00e0m phai m\u00e0u nhu\u1ed9m c\u1ee7a v\u1ea3i r\u00e8m c\u1eeda ho\u1eb7c g\u00e2y h\u1ea1i cho ch\u1ea5t li\u1ec7u t\u1ea1o n\u00ean r\u00e8m c\u1eeda v\u00ed d\u1ee5 nh\u01b0 v\u1ea3i, l\u1ee5a\u2026 L\u1edbp l\u00f3t n\u00e0y c\u00f2n c\u00f3 t\u00e1c d\u1ee5ng h\u1ea7u h\u1ebft nh\u1eefng \u00e1nh s\u00e1ng chi\u1ebfu t\u1eeb b\u00ean ngo\u00e0i v\u00e0o c\u0103n ph\u00f2ng. L\u1edbp l\u00f3t n\u00e0y \u0111\u01b0\u1ee3c s\u1eed d\u1ee5ng \u0111\u1ec3 t\u0103ng \u0111\u1ed9 c\u1ee9ng, s\u1ee9c n\u1eb7ng v\u00e0 c\u1ed1 \u0111\u1ecbnh cho r\u00e8m c\u1eeda ph\u00f2ng nh\u1eefng tr\u01b0\u1eddng h\u1ee3p b\u00e3o gi\u00f3 m\u1ea1nh \u0111\u1ed3ng th\u1eddi \u0111\u1ec3 t\u0103ng th\u00eam t\u00ednh th\u1ea9m m\u1ef9, trang tr\u00ed t\u1ea1o kh\u00f4ng gian th\u00eam sang tr\u1ecdng, tinh t\u1ebf, l\u1ecbch s\u1ef1 v\u00e0 \u0111\u1eb3ng c\u1ea5p h\u01a1n.<\/p>","protected":false},"excerpt":{"rendered":"<p>Th\u00f4ng th\u01b0\u1eddng, m\u1ecdi ng\u01b0\u1eddi s\u1eed d\u1ee5ng \u0111\u1ed3ng nh\u1ea5t chung gi\u1eefa r\u00e8m c\u1eeda v\u00e0 m\u00e0n c\u1eeda. Tuy nhi\u00ean, m\u00e0n c\u1eeda th\u00ec c\u00f3 th\u00eam m\u1ed9t l\u1edbp l\u00f3t th\u01b0\u1eddng s\u1eed d\u1ee5ng r\u00e8m Blockout, n\u00f3 c\u00f3 t\u00e1c d\u1ee5ng ng\u0103n ch\u1eb7n c\u00e1c tia UV l\u00e0m phai m\u00e0u nhu\u1ed9m c\u1ee7a v\u1ea3i r\u00e8m c\u1eeda ho\u1eb7c g\u00e2y h\u1ea1i cho ch\u1ea5t li\u1ec7u t\u1ea1o n\u00ean [&#8230;]","protected":false},"featured_media":1718,"template":"","meta":[],"product_cat":[391],"product_tag":[],"_links":{"self":[{"href":"http:\/\/villadeco.com.vn\/en\/wp-json\/wp\/v2\/product\/1484"}],"collection":[{"href":"http:\/\/villadeco.com.vn\/en\/wp-json\/wp\/v2\/product"}],"about":[{"href":"http:\/\/villadeco.com.vn\/en\/wp-json\/wp\/v2\/types\/product"}],"wp:featuredmedia":[{"embeddable":true,"href":"http:\/\/villadeco.com.vn\/en\/wp-json\/wp\/v2\/media\/1718"}],"wp:attachment":[{"href":"http:\/\/villadeco.com.vn\/en\/wp-json\/wp\/v2\/media?parent=1484"}],"wp:term":[{"taxonomy":"product_cat","embeddable":true,"href":"http:\/\/villadeco.com.vn\/en\/wp-json\/wp\/v2\/product_cat?post=1484"},{"taxonomy":"product_tag","embeddable":true,"href":"http:\/\/villadeco.com.vn\/en\/wp-json\/wp\/v2\/product_tag?post=1484"}],"curies":[{"name":"wp","href":"https:\/\/api.w.org\/{rel}","templated":true}]}}