{"id":1486,"date":"2018-11-20T13:39:13","date_gmt":"2018-11-20T06:39:13","guid":{"rendered":"http:\/\/demo.beeweb.vn\/villa\/?post_type=product&#038;p=1486"},"modified":"2020-02-21T09:32:41","modified_gmt":"2020-02-21T02:32:41","slug":"rem-cuon-vd01","status":"publish","type":"product","link":"http:\/\/villadeco.com.vn\/en\/rem-cuon-vd01\/","title":{"rendered":"Roller blinds VD01"},"content":{"rendered":"<p><strong>\u0110\u1eb7c \u0111i\u1ec3m r\u00e8m :\u00a0<\/strong><\/p>\n<p>Kh\u1ea3 n\u0103ng c\u1ea3n s\u00e1ng 100%, c\u00e1ch nhi\u1ec7t ch\u1ed1ng n\u00f3ng.<br \/>\nL\u00e1 m\u00e0nh c\u00f3 kh\u1ea3 n\u0103ng \u0111\u00e0n h\u1ed3i ch\u1ed1ng g\u1ea5p n\u1ebfp.<br \/>\nH\u1ea1n ch\u1ebf t\u1ed1i \u0111a s\u1ef1 b\u1eaft b\u1ee5i v\u00e0 d\u1ec5 d\u00e0ng v\u1ec7 sinh.<br \/>\nKh\u1ea3 n\u0103ng ch\u1ed1ng ch\u00e1y t\u1ee9c th\u1eddi, th\u1ea9m m\u1ef9 v\u00e0 \u0111\u1ed9 b\u1ec1n cao.<br \/>\nL\u00e1 m\u00e0nh c\u00f3 nhi\u1ec1u m\u1eabu hoa v\u0103n trang tr\u00ed \u0111\u1eb9p.<br \/>\nL\u00e1 m\u00e0nh c\u00f3 kh\u1ea3 n\u0103ng \u0111\u00e0n h\u1ed3i cao \u2013 ch\u1ed1ng g\u1ea5p n\u1ebfp.<br \/>\nB\u1ec1 m\u1eb7t ph\u1ee7 l\u1edbp ACI h\u1ea1n ch\u1ebf t\u1ed1i \u0111a b\u1eaft b\u1ee5i v\u00e0 d\u1ec5 v\u1ec7 sinh.<br \/>\nC\u00f3 kh\u1ea3 n\u0103ng ch\u1ed1ng ch\u00e1y t\u1ee9c th\u1eddi.<br \/>\nM\u1eabu m\u00e3 phong ph\u00fa, m\u00e0u s\u1eafc \u0111a d\u1ea1ng .<\/p>","protected":false},"excerpt":{"rendered":"<ul>\n<li><\/li>\n<li><strong>Th\u00f4ng s\u1ed1 k\u1ef9 thu\u1eadt :<\/strong><br \/>\nQuy c\u00e1ch : Customized<br \/>\nCh\u1ea5t li\u1ec7u : 100% polyester woven fabrics.<br \/>\nC\u1ea3n n\u1eafng 95%<br \/>\n\u0110\u1ed9 day : 0,55mm<br \/>\nKh\u1ed5 r\u1ed9ng : 2,8m<br \/>\nTr\u1ecdng l\u01b0\u1ee3ng s\u1ee3i : 167,5g\/m2<\/li>\n<\/ul>","protected":false},"featured_media":1487,"template":"","meta":[],"product_cat":[381],"product_tag":[],"_links":{"self":[{"href":"http:\/\/villadeco.com.vn\/en\/wp-json\/wp\/v2\/product\/1486"}],"collection":[{"href":"http:\/\/villadeco.com.vn\/en\/wp-json\/wp\/v2\/product"}],"about":[{"href":"http:\/\/villadeco.com.vn\/en\/wp-json\/wp\/v2\/types\/product"}],"wp:featuredmedia":[{"embeddable":true,"href":"http:\/\/villadeco.com.vn\/en\/wp-json\/wp\/v2\/media\/1487"}],"wp:attachment":[{"href":"http:\/\/villadeco.com.vn\/en\/wp-json\/wp\/v2\/media?parent=1486"}],"wp:term":[{"taxonomy":"product_cat","embeddable":true,"href":"http:\/\/villadeco.com.vn\/en\/wp-json\/wp\/v2\/product_cat?post=1486"},{"taxonomy":"product_tag","embeddable":true,"href":"http:\/\/villadeco.com.vn\/en\/wp-json\/wp\/v2\/product_tag?post=1486"}],"curies":[{"name":"wp","href":"https:\/\/api.w.org\/{rel}","templated":true}]}}