{"id":1756,"date":"2018-11-27T09:31:26","date_gmt":"2018-11-27T02:31:26","guid":{"rendered":"http:\/\/demo.beeweb.vn\/villa\/?post_type=product&#038;p=1756"},"modified":"2020-02-21T09:32:23","modified_gmt":"2020-02-21T02:32:23","slug":"rem-cuon-vd04","status":"publish","type":"product","link":"http:\/\/villadeco.com.vn\/en\/rem-cuon-vd04\/","title":{"rendered":"Roller blinds VD04"},"content":{"rendered":"<p><strong>\u0110\u1eb7c \u0111i\u1ec3m r\u00e8m:<\/strong><\/p>\n<ul>\n<li>\u0110\u1ed9 b\u1ec1n c\u00f3 t\u00ednh ch\u1ea5t cao.<\/li>\n<li>D\u1ec5 d\u00e0ng s\u1eed d\u1ee5ng v\u00e0 l\u1eafp \u0111\u1eb7t, th\u00e1o r\u1eddi. d<span>\u1ec5<\/span> lau ch<span>\u00f9<\/span>i.<\/li>\n<li>Ki\u1ec3u d\u00e1ng mang phong c\u00e1ch hi\u1ec7n \u0111\u1ea1i.<\/li>\n<li>Kh\u1ea3 n\u0103ng \u0111i\u1ec1u ch\u1ec9nh d\u1ec5 d\u00e0ng.<\/li>\n<li>Kh<span>\u00f4<\/span>ng phai m<span>\u00e0u<\/span>.<\/li>\n<li>Ch<span>\u1ed1<\/span>ng tia UV<\/li>\n<li>An to<span>\u00e0n<\/span> v<span>\u1edbi m\u00f4i tr\u01b0\u1eddng. <\/span><\/li>\n<\/ul>\n<p>R\u00e8m cu\u1ed1n c\u00f3 th\u1ec3 s\u1eed d\u1ee5ng \u0111\u1ec3 trang tr\u00ed cho nhi\u1ec1u lo\u1ea1i kh\u00f4ng gian kh\u00e1c nhau nh\u01b0 r\u00e8m c\u1eeda s\u1ed5 v\u0103n ph\u00f2ng, r\u00e8m c\u1eeda s\u1ed5 ph\u00f2ng ng\u1ee7, r\u00e8m ph\u00f2ng t\u1eafm&#8230;<\/p>","protected":false},"excerpt":{"rendered":"<p><strong>Th\u00f4ng s\u1ed1 k\u1ef9 thu\u1eadt :<\/strong><\/p>\n<p>Quy c<span>\u00e1<\/span>ch : C<span>us<\/span>tom<span>ized<\/span><\/p>\n<p>Ch<span>\u1ea5<\/span>t li<span>\u1ec7<\/span>u : 100% polyester <span>w<\/span>oven fabrics.<\/p>\n<p>C<span>\u1ea3<\/span>n n<span>\u1eaf<\/span>ng 95%<\/p>\n<p><span>\u0110\u1ed9 day : 0,55mm<\/span><\/p>\n<p>Kh<span>\u1ed5<\/span> r<span>\u1ed9<\/span>ng : 2,8m<\/p>\n<p>Tr<span>\u1ecd<\/span>ng l<span>\u01b0\u1ee3ng s\u1ee3i : 167,5g\/m2\u00a0<\/span><\/p>\n<p>&nbsp;<\/p>","protected":false},"featured_media":1661,"template":"","meta":[],"product_cat":[381],"product_tag":[],"_links":{"self":[{"href":"http:\/\/villadeco.com.vn\/en\/wp-json\/wp\/v2\/product\/1756"}],"collection":[{"href":"http:\/\/villadeco.com.vn\/en\/wp-json\/wp\/v2\/product"}],"about":[{"href":"http:\/\/villadeco.com.vn\/en\/wp-json\/wp\/v2\/types\/product"}],"wp:featuredmedia":[{"embeddable":true,"href":"http:\/\/villadeco.com.vn\/en\/wp-json\/wp\/v2\/media\/1661"}],"wp:attachment":[{"href":"http:\/\/villadeco.com.vn\/en\/wp-json\/wp\/v2\/media?parent=1756"}],"wp:term":[{"taxonomy":"product_cat","embeddable":true,"href":"http:\/\/villadeco.com.vn\/en\/wp-json\/wp\/v2\/product_cat?post=1756"},{"taxonomy":"product_tag","embeddable":true,"href":"http:\/\/villadeco.com.vn\/en\/wp-json\/wp\/v2\/product_tag?post=1756"}],"curies":[{"name":"wp","href":"https:\/\/api.w.org\/{rel}","templated":true}]}}