{"id":1771,"date":"2018-11-28T01:58:53","date_gmt":"2018-11-27T18:58:53","guid":{"rendered":"http:\/\/demo.beeweb.vn\/villa\/?post_type=product&#038;p=1771"},"modified":"2020-02-21T10:19:50","modified_gmt":"2020-02-21T03:19:50","slug":"rem-cuon-vd02","status":"publish","type":"product","link":"http:\/\/villadeco.com.vn\/en\/rem-cuon-vd02\/","title":{"rendered":"Roller blinds VD02"},"content":{"rendered":"<p><strong>\u0110\u1eb7c \u0111i\u1ec3m r\u00e8m :<\/strong><br \/>\nKh\u1ea3 n\u0103ng c\u1ea3n s\u00e1ng 100%, c\u00e1ch nhi\u1ec7t ch\u1ed1ng n\u00f3ng.<br \/>\nH\u1ea1n ch\u1ebf t\u1ed1i \u0111a s\u1ef1 b\u1eaft b\u1ee5i v\u00e0 d\u1ec5 d\u00e0ng v\u1ec7 sinh.<br \/>\nKh\u1ea3 n\u0103ng ch\u1ed1ng ch\u00e1y t\u1ee9c th\u1eddi, th\u1ea9m m\u1ef9 v\u00e0 \u0111\u1ed9 b\u1ec1n cao.<br \/>\nL\u00e1 m\u00e0nh c\u00f3 nhi\u1ec1u m\u1eabu hoa v\u0103n trang tr\u00ed \u0111\u1eb9p.<br \/>\nB\u1ec1 m\u1eb7t ph\u1ee7 l\u1edbp ACI h\u1ea1n ch\u1ebf t\u1ed1i \u0111a b\u1eaft b\u1ee5i v\u00e0 d\u1ec5 v\u1ec7 sinh.<br \/>\nM\u1eabu m\u00e3 phong ph\u00fa, m\u00e0u s\u1eafc \u0111a d\u1ea1ng .<\/p>","protected":false},"excerpt":{"rendered":"<p>\u0110\u1eb7c \u0111i\u1ec3m r\u00e8m : Kh\u1ea3 n\u0103ng c\u1ea3n s\u00e1ng 100%, c\u00e1ch nhi\u1ec7t ch\u1ed1ng n\u00f3ng. H\u1ea1n ch\u1ebf t\u1ed1i \u0111a s\u1ef1 b\u1eaft b\u1ee5i v\u00e0 d\u1ec5 d\u00e0ng v\u1ec7 sinh. Kh\u1ea3 n\u0103ng ch\u1ed1ng ch\u00e1y t\u1ee9c th\u1eddi, th\u1ea9m m\u1ef9 v\u00e0 \u0111\u1ed9 b\u1ec1n cao. L\u00e1 m\u00e0nh c\u00f3 nhi\u1ec1u m\u1eabu hoa v\u0103n trang tr\u00ed \u0111\u1eb9p. B\u1ec1 m\u1eb7t ph\u1ee7 l\u1edbp ACI h\u1ea1n ch\u1ebf t\u1ed1i [&#8230;]","protected":false},"featured_media":1768,"template":"","meta":[],"product_cat":[381],"product_tag":[],"_links":{"self":[{"href":"http:\/\/villadeco.com.vn\/en\/wp-json\/wp\/v2\/product\/1771"}],"collection":[{"href":"http:\/\/villadeco.com.vn\/en\/wp-json\/wp\/v2\/product"}],"about":[{"href":"http:\/\/villadeco.com.vn\/en\/wp-json\/wp\/v2\/types\/product"}],"wp:featuredmedia":[{"embeddable":true,"href":"http:\/\/villadeco.com.vn\/en\/wp-json\/wp\/v2\/media\/1768"}],"wp:attachment":[{"href":"http:\/\/villadeco.com.vn\/en\/wp-json\/wp\/v2\/media?parent=1771"}],"wp:term":[{"taxonomy":"product_cat","embeddable":true,"href":"http:\/\/villadeco.com.vn\/en\/wp-json\/wp\/v2\/product_cat?post=1771"},{"taxonomy":"product_tag","embeddable":true,"href":"http:\/\/villadeco.com.vn\/en\/wp-json\/wp\/v2\/product_tag?post=1771"}],"curies":[{"name":"wp","href":"https:\/\/api.w.org\/{rel}","templated":true}]}}