{"id":1772,"date":"2018-11-28T02:05:02","date_gmt":"2018-11-27T19:05:02","guid":{"rendered":"http:\/\/demo.beeweb.vn\/villa\/?post_type=product&#038;p=1772"},"modified":"2020-02-21T09:31:37","modified_gmt":"2020-02-21T02:31:37","slug":"rem-cuon-vd03-2","status":"publish","type":"product","link":"http:\/\/villadeco.com.vn\/en\/rem-cuon-vd03-2\/","title":{"rendered":"Roller blinds VD03"},"content":{"rendered":"<p><strong>\u0110\u1eb7c \u0111i\u1ec3m r\u00e8m :<\/strong><br \/>\nKh\u1ea3 n\u0103ng c\u1ea3n s\u00e1ng 100%, c\u00e1ch nhi\u1ec7t ch\u1ed1ng n\u00f3ng.<br \/>\nL\u00e1 m\u00e0nh c\u00f3 kh\u1ea3 n\u0103ng \u0111\u00e0n h\u1ed3i ch\u1ed1ng g\u1ea5p n\u1ebfp.<br \/>\nH\u1ea1n ch\u1ebf t\u1ed1i \u0111a s\u1ef1 b\u1eaft b\u1ee5i v\u00e0 d\u1ec5 d\u00e0ng v\u1ec7 sinh.<br \/>\nL\u00e1 m\u00e0nh c\u00f3 nhi\u1ec1u m\u1eabu hoa v\u0103n trang tr\u00ed \u0111\u1eb9p.<br \/>\nL\u00e1 m\u00e0nh c\u00f3 kh\u1ea3 n\u0103ng \u0111\u00e0n h\u1ed3i cao \u2013 ch\u1ed1ng g\u1ea5p n\u1ebfp.<br \/>\nB\u1ec1 m\u1eb7t ph\u1ee7 l\u1edbp ACI h\u1ea1n ch\u1ebf t\u1ed1i \u0111a b\u1eaft b\u1ee5i v\u00e0 d\u1ec5 v\u1ec7 sinh.<br \/>\nM\u1eabu m\u00e3 phong ph\u00fa, m\u00e0u s\u1eafc \u0111a d\u1ea1ng .<\/p>","protected":false},"excerpt":{"rendered":"<p><strong>Th\u00f4ng s\u1ed1 k\u1ef9 thu\u1eadt :<\/strong><br \/>\nQuy c\u00e1ch : Customized<br \/>\nCh\u1ea5t li\u1ec7u : 100% polyester woven fabrics.<br \/>\nC\u1ea3n n\u1eafng 95%<br \/>\n\u0110\u1ed9 day : 0,55mm<br \/>\nKh\u1ed5 r\u1ed9ng : 2,8m<br \/>\nTr\u1ecdng l\u01b0\u1ee3ng s\u1ee3i : 167,5g\/m2<\/p>","protected":false},"featured_media":1675,"template":"","meta":[],"product_cat":[381],"product_tag":[],"_links":{"self":[{"href":"http:\/\/villadeco.com.vn\/en\/wp-json\/wp\/v2\/product\/1772"}],"collection":[{"href":"http:\/\/villadeco.com.vn\/en\/wp-json\/wp\/v2\/product"}],"about":[{"href":"http:\/\/villadeco.com.vn\/en\/wp-json\/wp\/v2\/types\/product"}],"wp:featuredmedia":[{"embeddable":true,"href":"http:\/\/villadeco.com.vn\/en\/wp-json\/wp\/v2\/media\/1675"}],"wp:attachment":[{"href":"http:\/\/villadeco.com.vn\/en\/wp-json\/wp\/v2\/media?parent=1772"}],"wp:term":[{"taxonomy":"product_cat","embeddable":true,"href":"http:\/\/villadeco.com.vn\/en\/wp-json\/wp\/v2\/product_cat?post=1772"},{"taxonomy":"product_tag","embeddable":true,"href":"http:\/\/villadeco.com.vn\/en\/wp-json\/wp\/v2\/product_tag?post=1772"}],"curies":[{"name":"wp","href":"https:\/\/api.w.org\/{rel}","templated":true}]}}